{"id":151,"date":"2024-10-07T17:33:48","date_gmt":"2024-10-07T17:33:48","guid":{"rendered":"https:\/\/joomlinos.de\/index.php\/kontakt\/"},"modified":"2024-10-07T17:33:51","modified_gmt":"2024-10-07T17:33:51","slug":"kontakt","status":"publish","type":"page","link":"https:\/\/joomlinos.de\/index.php\/kontakt\/","title":{"rendered":"Kontakt"},"content":{"rendered":"<div class=\"\" style=\"\" >\n  \n    <section class=\"u-align-center u-clearfix u-valign-middle u-white u-section-1\" id=\"carousel_0dcb\">\n      <div class=\"data-layout-selected u-clearfix u-layout-wrap u-layout-wrap-1\">\n        <div class=\"u-layout\">\n          <div class=\"u-layout-row\">\n            <div class=\"u-container-style u-image u-layout-cell u-size-35-lg u-size-36-xl u-size-60-md u-size-60-sm u-size-60-xs u-image-1\" data-image-width=\"1200\" data-image-height=\"771\" data-animation-name=\"customAnimationIn\" data-animation-duration=\"1500\" data-animation-delay=\"500\" style=\"background-image: url(&quot;https:\/\/joomlinos.de\/wp-content\/uploads\/2024\/10\/ddd-min-3.png&quot;);\">\n              <div class=\"u-container-layout u-container-layout-1\"><\/div>\n            <\/div>\n            <div class=\"u-align-left u-container-style u-layout-cell u-size-24-xl u-size-25-lg u-size-60-md u-size-60-sm u-size-60-xs u-layout-cell-2\" data-animation-name=\"customAnimationIn\" data-animation-duration=\"1500\" data-animation-delay=\"250\">\n              <div class=\"u-container-layout u-valign-middle u-container-layout-2\">\n                <h6 class=\"u-text u-text-1\" data-animation-name=\"customAnimationIn\" data-animation-duration=\"1500\" data-animation-delay=\"250\">\u00dcber uns<\/h6>\n                <h1 class=\"u-text u-text-2\" data-animation-name=\"customAnimationIn\" data-animation-duration=\"1500\" data-animation-delay=\"500\"><b>\n                    <span class=\"u-text-palette-2-base\"><\/span><\/b>\n                  <span class=\"u-text-palette-2-base\">Inspirieren und st\u00e4rken Sie Ihre Teams<\/span> mit Kultur- und Prozessinnovationen \n                <\/h1>\n                <p class=\"u-text u-text-3\" data-animation-name=\"customAnimationIn\" data-animation-duration=\"1500\" data-animation-delay=\"500\">Bild von <a href=\"https:\/\/www.freepik.com\/photos\/woman\" class=\"u-active-none u-border-1 u-border-active-palette-2-base u-border-grey-75 u-border-hover-palette-2-base u-border-no-left u-border-no-right u-border-no-top u-bottom-left-radius-0 u-bottom-right-radius-0 u-btn u-btn-1 u-button-link u-button-style u-hover-none u-none u-radius-0 u-text-body-color u-top-left-radius-0 u-top-right-radius-0\" target=\"_blank\">Freepik<\/a>\n                <\/p>\n                <a href=\"#\" class=\"u-active-black u-align-center u-border-2 u-border-active-black u-border-grey-75 u-border-hover-black u-btn u-btn-round u-button-style u-hover-black u-none u-radius-50 u-text-active-white u-text-hover-white u-btn-2\" data-animation-name=\"customAnimationIn\" data-animation-duration=\"1500\" data-animation-delay=\"750\">kontaktiere uns<\/a>\n              <\/div>\n            <\/div>\n          <\/div>\n        <\/div>\n      <\/div>\n    <\/section>\n    <section class=\"u-clearfix u-container-align-center u-white u-section-2\" id=\"carousel_fe29\">\n      <div class=\"u-clearfix u-sheet u-valign-middle u-sheet-1\">\n        <div class=\"data-layout-selected u-clearfix u-expanded-width u-layout-wrap u-layout-wrap-1\">\n          <div class=\"u-layout\">\n            <div class=\"u-layout-row\">\n              <div class=\"u-align-center u-container-style u-layout-cell u-size-20-xl u-size-25-lg u-size-28-md u-size-28-sm u-size-28-xs u-layout-cell-1\">\n                <div class=\"u-container-layout u-valign-middle-lg u-valign-middle-md u-valign-middle-sm u-valign-middle-xl u-container-layout-1\">\n                  <div class=\"u-expanded-width-xs u-palette-2-base u-preserve-proportions u-shape u-shape-circle u-shape-1\" data-animation-name=\"customAnimationIn\" data-animation-duration=\"1500\" data-animation-delay=\"250\">\n                    <div class=\"u-preserve-proportions-child\" style=\"padding-top: 100%;\"><\/div>\n                  <\/div>\n                  <img decoding=\"async\" class=\"u-image u-image-contain u-image-round u-radius-30 u-image-1\" src=\"https:\/\/joomlinos.de\/wp-content\/uploads\/2024\/10\/phone-2-min-1.png\" alt=\"\" data-image-width=\"406\" data-image-height=\"718\" data-animation-name=\"customAnimationIn\" data-animation-duration=\"1500\" data-animation-delay=\"0\">\n                <\/div>\n              <\/div>\n              <div class=\"u-align-left-lg u-align-left-md u-align-left-xl u-container-align-center-sm u-container-align-center-xs u-container-align-left-lg u-container-align-left-md u-container-align-left-xl u-container-style u-layout-cell u-size-32-md u-size-32-sm u-size-32-xs u-size-35-lg u-size-40-xl u-layout-cell-2\" data-animation-name=\"customAnimationIn\" data-animation-duration=\"1750\" data-animation-delay=\"500\">\n                <div class=\"u-container-layout u-valign-middle u-container-layout-2\">\n                  <h5 class=\"u-align-center-sm u-align-center-xs u-align-left-lg u-align-left-md u-align-left-xl u-text u-text-default u-text-1\">interessiert?<\/h5>\n                  <h2 class=\"u-align-center-sm u-align-center-xs u-align-left-lg u-align-left-md u-align-left-xl u-custom-font u-font-montserrat u-text u-text-2\"> M\u00f6chten Sie zusammenarbeiten? <br>Nehmen Sie Kontakt zu uns auf, um herauszufinden, wie wir Ihnen helfen k\u00f6nnen \n                  <\/h2>\n                  <p class=\"u-align-center-sm u-align-center-xs u-align-left-lg u-align-left-md u-align-left-xl u-text u-text-default u-text-3\">Bild von <a href=\"https:\/\/www.freepik.com\/psd\/mockup\" class=\"u-active-none u-border-1 u-border-active-grey-75 u-border-grey-50 u-border-hover-grey-75 u-border-no-left u-border-no-right u-border-no-top u-btn u-btn-1 u-button-link u-button-style u-hover-none u-none u-text-body-color\" target=\"_blank\">Freepik<\/a>\n                  <\/p>\n                  <a href=\"#\" class=\"u-active-black u-align-center-sm u-align-center-xs u-align-left-lg u-align-left-md u-align-left-xl u-border-2 u-border-active-black u-border-grey-75 u-border-hover-black u-btn u-btn-round u-button-style u-hover-black u-none u-radius-50 u-text-active-white u-text-hover-white u-btn-2\" data-animation-name=\"customAnimationIn\" data-animation-duration=\"1500\" data-animation-delay=\"750\">kontaktiere uns<\/a>\n                <\/div>\n              <\/div>\n            <\/div>\n          <\/div>\n        <\/div>\n      <\/div>\n    <\/section>\n    <section class=\"u-clearfix u-container-align-center u-image u-section-3\" id=\"carousel_c116\" data-image-width=\"1980\" data-image-height=\"1767\" style=\"background-image: url(&quot;https:\/\/joomlinos.de\/wp-content\/uploads\/2024\/10\/45354-1.png&quot;);\">\n      <div class=\"u-clearfix u-sheet u-valign-middle u-sheet-1\">\n        <h2 class=\"u-align-center u-text u-text-default u-text-1\" data-animation-name=\"customAnimationIn\" data-animation-duration=\"1500\">Alle B\u00fcros<\/h2>\n        <p class=\"u-align-center u-text u-text-2\" data-animation-name=\"customAnimationIn\" data-animation-duration=\"1500\"> Unsere ganzheitlichen, aufschlussreichen und unkonventionellen Arbeitsmethoden gehen tiefer und treiben weiter, um eine tiefe Verbindung innerhalb Ihrer Teams und Communities zu schaffen.<\/p>\n        <div class=\"u-expanded-width u-list u-list-1\">\n          <div class=\"u-repeater u-repeater-1\">\n            <div class=\"u-container-align-left u-container-style u-grey-10 u-list-item u-radius-21 u-repeater-item u-shape-round u-list-item-1\" data-animation-name=\"customAnimationIn\" data-animation-duration=\"1500\" data-animation-delay=\"250\">\n              <div class=\"u-container-layout u-similar-container u-valign-top u-container-layout-1\">\n                <h3 class=\"u-align-left u-text u-text-default u-text-3\"> New York<\/h3>\n                <h5 class=\"u-align-left u-custom-font u-text u-text-font u-text-4\"> 232 Third Street North <br>Suite 451 <br>La Crosse, WI 54623<br>USA \n                <\/h5>\n                <p class=\"u-align-left u-text u-text-default u-text-5\"> Tel.: <a href=\"tel:+1123564343\" class=\"u-active-none u-btn u-btn-1 u-button-link u-button-style u-hover-none u-none u-text-active-black u-text-hover-black u-text-palette-2-base\" data-animation-name=\"\" data-animation-duration=\"0\" data-animation-delay=\"0\" data-animation-direction=\"\">+1 123.456.4343<\/a>\n                  <br>Fax: <a href=\"tel:+11234564399\" class=\"u-active-none u-btn u-btn-2 u-button-link u-button-style u-hover-none u-none u-text-active-black u-text-hover-black u-text-palette-2-base\" data-animation-name=\"\" data-animation-duration=\"0\" data-animation-delay=\"0\" data-animation-direction=\"\">+1 123.456.4399<\/a>\n                <\/p>\n              <\/div>\n            <\/div>\n            <div class=\"u-container-style u-grey-10 u-list-item u-radius-21 u-repeater-item u-shape-round u-list-item-2\" data-animation-direction=\"Up\" data-animation-name=\"customAnimationIn\" data-animation-duration=\"1500\" data-animation-delay=\"750\">\n              <div class=\"u-container-layout u-similar-container u-valign-top u-container-layout-2\">\n                <h3 class=\"u-align-left u-text u-text-default u-text-6\"> Oakland<\/h3>\n                <h5 class=\"u-align-left u-custom-font u-text u-text-font u-text-7\"> 2101 Webster Street<br>Suite 2001 <br>Oakland, CA 96612 <br>USA \n                <\/h5>\n                <p class=\"u-align-left u-text u-text-default u-text-8\"> Tel.: <a href=\"tel:+1123564343\" class=\"u-active-none u-btn u-btn-3 u-button-link u-button-style u-hover-none u-none u-text-active-black u-text-hover-black u-text-palette-2-base\" data-animation-name=\"\" data-animation-duration=\"0\" data-animation-delay=\"0\" data-animation-direction=\"\">+1 123.456.4343<\/a>\n                  <br>Fax: <a href=\"tel:+11234564399\" class=\"u-active-none u-btn u-btn-4 u-button-link u-button-style u-hover-none u-none u-text-active-black u-text-hover-black u-text-palette-2-base\" data-animation-name=\"\" data-animation-duration=\"0\" data-animation-delay=\"0\" data-animation-direction=\"\">+1 123.456.4399<\/a>\n                <\/p>\n              <\/div>\n            <\/div>\n            <div class=\"u-container-align-left u-container-style u-grey-10 u-list-item u-radius-21 u-repeater-item u-shape-round u-list-item-3\" data-animation-direction=\"Up\" data-animation-name=\"customAnimationIn\" data-animation-duration=\"1500\" data-animation-delay=\"750\">\n              <div class=\"u-container-layout u-similar-container u-valign-top u-container-layout-3\">\n                <h3 class=\"u-align-left u-text u-text-default u-text-9\"> Portland<\/h3>\n                <h5 class=\"u-align-left u-custom-font u-text u-text-font u-text-10\">Yamhill Building <br>811 SW Sixth Ave. <br>Suite 3022<br>Portland, Oregon 97204 \n                <\/h5>\n                <p class=\"u-align-left u-text u-text-default u-text-11\"> Tel.: <a href=\"tel:+1123564343\" class=\"u-active-none u-btn u-btn-5 u-button-link u-button-style u-hover-none u-none u-text-active-black u-text-hover-black u-text-palette-2-base\" data-animation-name=\"\" data-animation-duration=\"0\" data-animation-delay=\"0\" data-animation-direction=\"\">+1 123.456.4343<\/a>\n                  <br>Fax: <a href=\"tel:+11234564399\" class=\"u-active-none u-btn u-btn-6 u-button-link u-button-style u-hover-none u-none u-text-active-black u-text-hover-black u-text-palette-2-base\" data-animation-name=\"\" data-animation-duration=\"0\" data-animation-delay=\"0\" data-animation-direction=\"\">+1 123.456.4399<\/a>\n                <\/p>\n              <\/div>\n            <\/div>\n          <\/div>\n        <\/div>\n      <\/div>\n    <\/section>\n    <section class=\"u-clearfix u-container-align-center u-image u-section-4\" id=\"carousel_3afc\" data-image-width=\"1980\" data-image-height=\"1767\" style=\"background-image: url(&quot;https:\/\/joomlinos.de\/wp-content\/uploads\/2024\/10\/bg8-3.png&quot;);\">\n      <div class=\"u-clearfix u-sheet u-valign-middle-lg u-valign-middle-md u-valign-middle-xl u-sheet-1\">\n        <div class=\"data-layout-selected u-clearfix u-expanded-width u-layout-wrap u-layout-wrap-1\">\n          <div class=\"u-layout\">\n            <div class=\"u-layout-row\">\n              <div class=\"u-container-align-left u-container-style u-layout-cell u-size-26-md u-size-26-sm u-size-26-xs u-size-35-lg u-size-35-xl u-layout-cell-1\" data-animation-name=\"customAnimationIn\" data-animation-duration=\"1500\">\n                <div class=\"u-container-layout u-valign-top u-container-layout-1\">\n                  <h2 class=\"u-align-left u-custom-font u-font-montserrat u-text u-text-body-alt-color u-text-1\" data-animation-name=\"slideIn\" data-animation-duration=\"2000\" data-animation-direction=\"Left\" data-animation-delay=\"500\"> M\u00f6chten Sie zusammenarbeiten? <br>Nehmen Sie Kontakt zu uns auf, um herauszufinden, wie wir Ihnen helfen k\u00f6nnen. \n                  <\/h2>\n                <\/div>\n              <\/div>\n              <div class=\"u-align-left u-container-align-left u-container-style u-layout-cell u-size-25-lg u-size-25-xl u-size-34-md u-size-34-sm u-size-34-xs u-layout-cell-2\" data-animation-name=\"customAnimationIn\" data-animation-duration=\"1500\" data-animation-direction=\"\" data-animation-delay=\"500\">\n                <div class=\"u-container-layout u-valign-top u-container-layout-2\">\n                  <h3 class=\"u-align-left u-custom-font u-font-montserrat u-text u-text-body-alt-color u-text-default u-text-2\"> Loslegen<\/h3>\n                  <p class=\"u-align-left u-text u-text-body-alt-color u-text-default u-text-3\"> Wir sind hier um zu helfen. Erz\u00e4hlen Sie uns ein wenig \u00fcber Ihr Projekt und wir werden uns mit Ihnen in Verbindung setzen.<\/p>\n                  <div class=\"u-form u-palette-5-dark-3 u-radius-20 u-form-1\">\n                    <form action=\"https:\/\/forms.nicepagesrv.com\/v2\/form\/process\" class=\"u-clearfix u-form-spacing-10 u-form-vertical u-inner-form\" source=\"email\" name=\"form\" style=\"padding: 40px;\">\n                      <div class=\"u-form-group u-form-name\">\n                        <label for=\"name-2137\" class=\"u-form-control-hidden u-label\"><\/label>\n                        <input type=\"text\" placeholder=\"Enter your Name\" id=\"name-2137\" name=\"name\" class=\"u-input u-input-rectangle u-radius-20\" required=\"\" wfd-id=\"id2651\">\n                      <\/div>\n                      <div class=\"u-form-email u-form-group\">\n                        <label for=\"email-2137\" class=\"u-form-control-hidden u-label\"><\/label>\n                        <input type=\"email\" placeholder=\"Enter a valid email address\" id=\"email-2137\" name=\"email\" class=\"u-input u-input-rectangle u-radius-20\" required=\"\" wfd-id=\"id2652\">\n                      <\/div>\n                      <div class=\"u-form-group u-form-message\">\n                        <label for=\"message-2137\" class=\"u-form-control-hidden u-label\"><\/label>\n                        <textarea placeholder=\"Enter your message\" rows=\"4\" cols=\"50\" id=\"message-2137\" name=\"message\" class=\"u-input u-input-rectangle u-radius-20\" required=\"\"><\/textarea>\n                      <\/div>\n                      <div class=\"u-align-left u-form-group u-form-submit\">\n                        <a href=\"#\" class=\"u-active-white u-border-none u-btn u-btn-round u-btn-submit u-button-style u-hover-white u-palette-2-base u-radius-20 u-text-active-palette-2-base u-text-hover-palette-2-base u-btn-1\">Einreichen<\/a>\n                        <input type=\"submit\" value=\"submit\" class=\"u-form-control-hidden\" wfd-id=\"id2653\">\n                      <\/div>\n                      <div class=\"u-form-send-message u-form-send-success\"> Thank you! Your message has been sent. <\/div>\n                      <div class=\"u-form-send-error u-form-send-message\"> Unable to send your message. Please fix errors then try again. <\/div>\n                      <input type=\"hidden\" value=\"\" name=\"recaptchaResponse\" wfd-id=\"id2654\">\n                      <input type=\"hidden\" name=\"formServices\" value=\"\">\n                    <\/form>\n                  <\/div>\n                <\/div>\n              <\/div>\n            <\/div>\n          <\/div>\n        <\/div>\n      <\/div>\n    <\/section>\n    \n    \n    \n    \n  \n<\/div>","protected":false},"excerpt":{"rendered":"<p>\u00dcber uns Inspirieren und st\u00e4rken Sie Ihre Teams mit Kultur- und Prozessinnovationen Bild von Freepik kontaktiere uns interessiert? M\u00f6chten Sie zusammenarbeiten? Nehmen Sie Kontakt zu uns auf, um herauszufinden, wie wir Ihnen helfen k\u00f6nnen Bild von Freepik kontaktiere uns Alle B\u00fcros Unsere ganzheitlichen, aufschlussreichen und unkonventionellen Arbeitsmethoden gehen tiefer und treiben weiter, um eine tiefe [&hellip;]<\/p>\n","protected":false},"author":1,"featured_media":0,"parent":0,"menu_order":3,"comment_status":"closed","ping_status":"closed","template":"","meta":{"footnotes":""},"class_list":["post-151","page","type-page","status-publish","hentry"],"_links":{"self":[{"href":"https:\/\/joomlinos.de\/index.php\/wp-json\/wp\/v2\/pages\/151","targetHints":{"allow":["GET"]}}],"collection":[{"href":"https:\/\/joomlinos.de\/index.php\/wp-json\/wp\/v2\/pages"}],"about":[{"href":"https:\/\/joomlinos.de\/index.php\/wp-json\/wp\/v2\/types\/page"}],"author":[{"embeddable":true,"href":"https:\/\/joomlinos.de\/index.php\/wp-json\/wp\/v2\/users\/1"}],"replies":[{"embeddable":true,"href":"https:\/\/joomlinos.de\/index.php\/wp-json\/wp\/v2\/comments?post=151"}],"version-history":[{"count":1,"href":"https:\/\/joomlinos.de\/index.php\/wp-json\/wp\/v2\/pages\/151\/revisions"}],"predecessor-version":[{"id":162,"href":"https:\/\/joomlinos.de\/index.php\/wp-json\/wp\/v2\/pages\/151\/revisions\/162"}],"wp:attachment":[{"href":"https:\/\/joomlinos.de\/index.php\/wp-json\/wp\/v2\/media?parent=151"}],"curies":[{"name":"wp","href":"https:\/\/api.w.org\/{rel}","templated":true}]}}